{"id":68,"date":"2021-10-24T11:12:54","date_gmt":"2021-10-24T09:12:54","guid":{"rendered":"https:\/\/www.bioplumes.fr\/?page_id=68"},"modified":"2021-10-24T11:23:34","modified_gmt":"2021-10-24T09:23:34","slug":"decouvrez-bioplumes","status":"publish","type":"page","link":"https:\/\/www.bioplumes.fr\/index.php\/decouvrez-bioplumes\/","title":{"rendered":"D\u00e9couvrez Bioplumes"},"content":{"rendered":"\t\t<div data-elementor-type=\"wp-page\" data-elementor-id=\"68\" class=\"elementor elementor-68\">\n\t\t\t\t\t\t<section class=\"elementor-section elementor-top-section elementor-element elementor-element-642191a elementor-section-boxed elementor-section-height-default elementor-section-height-default\" data-id=\"642191a\" data-element_type=\"section\" data-e-type=\"section\">\n\t\t\t\t\t\t<div class=\"elementor-container elementor-column-gap-default\">\n\t\t\t\t\t<div class=\"elementor-column elementor-col-100 elementor-top-column elementor-element elementor-element-c6fe0a9\" data-id=\"c6fe0a9\" data-element_type=\"column\" data-e-type=\"column\">\n\t\t\t<div class=\"elementor-widget-wrap elementor-element-populated\">\n\t\t\t\t\t\t<div class=\"elementor-element elementor-element-79f687b elementor-widget elementor-widget-image\" data-id=\"79f687b\" data-element_type=\"widget\" data-e-type=\"widget\" data-widget_type=\"image.default\">\n\t\t\t\t<div class=\"elementor-widget-container\">\n\t\t\t\t\t\t\t\t\t\t\t\t\t\t\t<img fetchpriority=\"high\" decoding=\"async\" width=\"753\" height=\"625\" src=\"https:\/\/www.bioplumes.fr\/wp-content\/uploads\/2021\/10\/story_main_image.jpg\" class=\"attachment-large size-large wp-image-70\" alt=\"\" srcset=\"https:\/\/www.bioplumes.fr\/wp-content\/uploads\/2021\/10\/story_main_image.jpg 753w, https:\/\/www.bioplumes.fr\/wp-content\/uploads\/2021\/10\/story_main_image-300x249.jpg 300w\" sizes=\"(max-width: 753px) 100vw, 753px\" \/>\t\t\t\t\t\t\t\t\t\t\t\t\t\t\t<\/div>\n\t\t\t\t<\/div>\n\t\t\t\t\t<\/div>\n\t\t<\/div>\n\t\t\t\t\t<\/div>\n\t\t<\/section>\n\t\t\t\t<section class=\"elementor-section elementor-top-section elementor-element elementor-element-993543b elementor-section-boxed elementor-section-height-default elementor-section-height-default\" data-id=\"993543b\" data-element_type=\"section\" data-e-type=\"section\">\n\t\t\t\t\t\t<div class=\"elementor-container elementor-column-gap-default\">\n\t\t\t\t\t<div class=\"elementor-column elementor-col-100 elementor-top-column elementor-element elementor-element-6685b0c\" data-id=\"6685b0c\" data-element_type=\"column\" data-e-type=\"column\">\n\t\t\t<div class=\"elementor-widget-wrap elementor-element-populated\">\n\t\t\t\t\t\t<div class=\"elementor-element elementor-element-161061d elementor-widget elementor-widget-spacer\" data-id=\"161061d\" data-element_type=\"widget\" data-e-type=\"widget\" data-widget_type=\"spacer.default\">\n\t\t\t\t<div class=\"elementor-widget-container\">\n\t\t\t\t\t\t\t<div class=\"elementor-spacer\">\n\t\t\t<div class=\"elementor-spacer-inner\"><\/div>\n\t\t<\/div>\n\t\t\t\t\t\t<\/div>\n\t\t\t\t<\/div>\n\t\t\t\t\t<\/div>\n\t\t<\/div>\n\t\t\t\t\t<\/div>\n\t\t<\/section>\n\t\t\t\t<section class=\"elementor-section elementor-top-section elementor-element elementor-element-53ba4b0 elementor-section-boxed elementor-section-height-default elementor-section-height-default\" data-id=\"53ba4b0\" data-element_type=\"section\" data-e-type=\"section\">\n\t\t\t\t\t\t<div class=\"elementor-container elementor-column-gap-default\">\n\t\t\t\t\t<div class=\"elementor-column elementor-col-100 elementor-top-column elementor-element elementor-element-10523b5\" data-id=\"10523b5\" data-element_type=\"column\" data-e-type=\"column\">\n\t\t\t<div class=\"elementor-widget-wrap\">\n\t\t\t\t\t\t\t<\/div>\n\t\t<\/div>\n\t\t\t\t\t<\/div>\n\t\t<\/section>\n\t\t\t\t<section class=\"elementor-section elementor-top-section elementor-element elementor-element-2044233 elementor-section-boxed elementor-section-height-default elementor-section-height-default\" data-id=\"2044233\" data-element_type=\"section\" data-e-type=\"section\">\n\t\t\t\t\t\t<div class=\"elementor-container elementor-column-gap-default\">\n\t\t\t\t\t<div class=\"elementor-column elementor-col-100 elementor-top-column elementor-element elementor-element-f5f1bc8\" data-id=\"f5f1bc8\" data-element_type=\"column\" data-e-type=\"column\">\n\t\t\t<div class=\"elementor-widget-wrap elementor-element-populated\">\n\t\t\t\t\t\t<div class=\"elementor-element elementor-element-1519df8 elementor-widget elementor-widget-heading\" data-id=\"1519df8\" data-element_type=\"widget\" data-e-type=\"widget\" data-widget_type=\"heading.default\">\n\t\t\t\t<div class=\"elementor-widget-container\">\n\t\t\t\t\t<h2 class=\"elementor-heading-title elementor-size-default\">Proc\u00e9d\u00e9 NOUVEAU et UNIQUE\n<\/h2>\t\t\t\t<\/div>\n\t\t\t\t<\/div>\n\t\t\t\t\t<\/div>\n\t\t<\/div>\n\t\t\t\t\t<\/div>\n\t\t<\/section>\n\t\t\t\t<section class=\"elementor-section elementor-top-section elementor-element elementor-element-6931bd8 elementor-section-boxed elementor-section-height-default elementor-section-height-default\" data-id=\"6931bd8\" data-element_type=\"section\" data-e-type=\"section\">\n\t\t\t\t\t\t<div class=\"elementor-container elementor-column-gap-default\">\n\t\t\t\t\t<div class=\"elementor-column elementor-col-33 elementor-top-column elementor-element elementor-element-5f4880c\" data-id=\"5f4880c\" data-element_type=\"column\" data-e-type=\"column\">\n\t\t\t<div class=\"elementor-widget-wrap elementor-element-populated\">\n\t\t\t\t\t\t<div class=\"elementor-element elementor-element-81672de elementor-widget elementor-widget-image\" data-id=\"81672de\" data-element_type=\"widget\" data-e-type=\"widget\" data-widget_type=\"image.default\">\n\t\t\t\t<div class=\"elementor-widget-container\">\n\t\t\t\t\t\t\t\t\t\t\t\t\t\t\t<img decoding=\"async\" width=\"146\" height=\"150\" src=\"https:\/\/www.bioplumes.fr\/wp-content\/uploads\/2021\/10\/brevete-146x150-1.jpg\" class=\"attachment-large size-large wp-image-71\" alt=\"\" \/>\t\t\t\t\t\t\t\t\t\t\t\t\t\t\t<\/div>\n\t\t\t\t<\/div>\n\t\t\t\t\t<\/div>\n\t\t<\/div>\n\t\t\t\t<div class=\"elementor-column elementor-col-66 elementor-top-column elementor-element elementor-element-ee56cdb\" data-id=\"ee56cdb\" data-element_type=\"column\" data-e-type=\"column\">\n\t\t\t<div class=\"elementor-widget-wrap elementor-element-populated\">\n\t\t\t\t\t\t<div class=\"elementor-element elementor-element-ebaef96 elementor-widget elementor-widget-text-editor\" data-id=\"ebaef96\" data-element_type=\"widget\" data-e-type=\"widget\" data-widget_type=\"text-editor.default\">\n\t\t\t\t<div class=\"elementor-widget-container\">\n\t\t\t\t\t\t\t\t\t<p>Ce produit est une innovation, il n\u2019est pas issu de la plume hydrolys\u00e9e.<br \/>Bio PLUMES est issu d\u2019<strong>un proc\u00e9d\u00e9 m\u00e9canique et naturel, de fait sans odeur et sans danger.<\/strong><br \/><em>(produit seulement broy\u00e9 et st\u00e9rilis\u00e9).<\/em><\/p><p><strong>Il permet de garantir l\u2019absence de risque pour la sant\u00e9 publique et animale<\/strong><br \/>(absence de clostridium, salmonella et enterobacteria).<br \/><em>Les services d\u2019Etat assurent des contr\u00f4les r\u00e9guliers.<\/em><\/p>\t\t\t\t\t\t\t\t<\/div>\n\t\t\t\t<\/div>\n\t\t\t\t\t<\/div>\n\t\t<\/div>\n\t\t\t\t\t<\/div>\n\t\t<\/section>\n\t\t\t\t<section class=\"elementor-section elementor-top-section elementor-element elementor-element-f7a3061 elementor-section-boxed elementor-section-height-default elementor-section-height-default\" data-id=\"f7a3061\" data-element_type=\"section\" data-e-type=\"section\">\n\t\t\t\t\t\t<div class=\"elementor-container elementor-column-gap-default\">\n\t\t\t\t\t<div class=\"elementor-column elementor-col-100 elementor-top-column elementor-element elementor-element-629ec01\" data-id=\"629ec01\" data-element_type=\"column\" data-e-type=\"column\">\n\t\t\t<div class=\"elementor-widget-wrap elementor-element-populated\">\n\t\t\t\t\t\t<div class=\"elementor-element elementor-element-988549d elementor-widget elementor-widget-spacer\" data-id=\"988549d\" data-element_type=\"widget\" data-e-type=\"widget\" data-widget_type=\"spacer.default\">\n\t\t\t\t<div class=\"elementor-widget-container\">\n\t\t\t\t\t\t\t<div class=\"elementor-spacer\">\n\t\t\t<div class=\"elementor-spacer-inner\"><\/div>\n\t\t<\/div>\n\t\t\t\t\t\t<\/div>\n\t\t\t\t<\/div>\n\t\t\t\t<div class=\"elementor-element elementor-element-2f2cf2d elementor-widget elementor-widget-heading\" data-id=\"2f2cf2d\" data-element_type=\"widget\" data-e-type=\"widget\" data-widget_type=\"heading.default\">\n\t\t\t\t<div class=\"elementor-widget-container\">\n\t\t\t\t\t<h2 class=\"elementor-heading-title elementor-size-default\">Id\u00e9al pour TOUTES vos plantes\n<\/h2>\t\t\t\t<\/div>\n\t\t\t\t<\/div>\n\t\t\t\t\t<\/div>\n\t\t<\/div>\n\t\t\t\t\t<\/div>\n\t\t<\/section>\n\t\t\t\t<section class=\"elementor-section elementor-top-section elementor-element elementor-element-2029c63 elementor-section-boxed elementor-section-height-default elementor-section-height-default\" data-id=\"2029c63\" data-element_type=\"section\" data-e-type=\"section\">\n\t\t\t\t\t\t<div class=\"elementor-container elementor-column-gap-default\">\n\t\t\t\t\t<div class=\"elementor-column elementor-col-33 elementor-top-column elementor-element elementor-element-7906ee7\" data-id=\"7906ee7\" data-element_type=\"column\" data-e-type=\"column\">\n\t\t\t<div class=\"elementor-widget-wrap elementor-element-populated\">\n\t\t\t\t\t\t<div class=\"elementor-element elementor-element-ec76a56 elementor-widget elementor-widget-image\" data-id=\"ec76a56\" data-element_type=\"widget\" data-e-type=\"widget\" data-widget_type=\"image.default\">\n\t\t\t\t<div class=\"elementor-widget-container\">\n\t\t\t\t\t\t\t\t\t\t\t\t\t\t\t<img decoding=\"async\" width=\"142\" height=\"150\" src=\"https:\/\/www.bioplumes.fr\/wp-content\/uploads\/2021\/10\/une_poignee.jpg\" class=\"attachment-large size-large wp-image-72\" alt=\"\" \/>\t\t\t\t\t\t\t\t\t\t\t\t\t\t\t<\/div>\n\t\t\t\t<\/div>\n\t\t\t\t\t<\/div>\n\t\t<\/div>\n\t\t\t\t<div class=\"elementor-column elementor-col-66 elementor-top-column elementor-element elementor-element-fc3b7ad\" data-id=\"fc3b7ad\" data-element_type=\"column\" data-e-type=\"column\">\n\t\t\t<div class=\"elementor-widget-wrap elementor-element-populated\">\n\t\t\t\t\t\t<div class=\"elementor-element elementor-element-25daca6 elementor-widget elementor-widget-text-editor\" data-id=\"25daca6\" data-element_type=\"widget\" data-e-type=\"widget\" data-widget_type=\"text-editor.default\">\n\t\t\t\t<div class=\"elementor-widget-container\">\n\t\t\t\t\t\t\t\t\t<p>\u2022\u00a0<strong>Sans odeur<\/strong>\u00a0(plumes fra\u00eeches non hydrolys\u00e9es)<br \/>\u2022 Manipulation sans danger<br \/>\u2022 Engrais complet et\u00a0<strong>riche en azote organique<\/strong>\u00a0:\u00a0<em>Azote 11 \u2013 Phosphore 3 \u2013 Potasse 2<\/em><br \/>\u2022 Am\u00e9liore la capacit\u00e9 de r\u00e9tention d\u2019eau du sol<br \/>\u2022 Action r\u00e9guli\u00e8re et prolong\u00e9e (limite le ph\u00e9nom\u00e8ne de br\u00fblure)<br \/>\u2022\u00a0<strong>Convient \u00e0 toutes vos plantes<\/strong>\u00a0(l\u00e9gumes, fleurs, fruitiers\u2026)<br \/>\u2022 Id\u00e9al pour les semis, plantations et entretiens<\/p>\t\t\t\t\t\t\t\t<\/div>\n\t\t\t\t<\/div>\n\t\t\t\t\t<\/div>\n\t\t<\/div>\n\t\t\t\t\t<\/div>\n\t\t<\/section>\n\t\t\t\t<section class=\"elementor-section elementor-top-section elementor-element elementor-element-aa21e8f elementor-section-boxed elementor-section-height-default elementor-section-height-default\" data-id=\"aa21e8f\" data-element_type=\"section\" data-e-type=\"section\">\n\t\t\t\t\t\t<div class=\"elementor-container elementor-column-gap-default\">\n\t\t\t\t\t<div class=\"elementor-column elementor-col-100 elementor-top-column elementor-element elementor-element-e7b13ca\" data-id=\"e7b13ca\" data-element_type=\"column\" data-e-type=\"column\">\n\t\t\t<div class=\"elementor-widget-wrap elementor-element-populated\">\n\t\t\t\t\t\t<div class=\"elementor-element elementor-element-ceb1e90 elementor-widget elementor-widget-spacer\" data-id=\"ceb1e90\" data-element_type=\"widget\" data-e-type=\"widget\" data-widget_type=\"spacer.default\">\n\t\t\t\t<div class=\"elementor-widget-container\">\n\t\t\t\t\t\t\t<div class=\"elementor-spacer\">\n\t\t\t<div class=\"elementor-spacer-inner\"><\/div>\n\t\t<\/div>\n\t\t\t\t\t\t<\/div>\n\t\t\t\t<\/div>\n\t\t\t\t<div class=\"elementor-element elementor-element-a8819b0 elementor-widget elementor-widget-heading\" data-id=\"a8819b0\" data-element_type=\"widget\" data-e-type=\"widget\" data-widget_type=\"heading.default\">\n\t\t\t\t<div class=\"elementor-widget-container\">\n\t\t\t\t\t<h2 class=\"elementor-heading-title elementor-size-default\">D\u00e9marche locale : produit en France\n<\/h2>\t\t\t\t<\/div>\n\t\t\t\t<\/div>\n\t\t\t\t\t<\/div>\n\t\t<\/div>\n\t\t\t\t\t<\/div>\n\t\t<\/section>\n\t\t\t\t<section class=\"elementor-section elementor-top-section elementor-element elementor-element-1078db8 elementor-section-boxed elementor-section-height-default elementor-section-height-default\" data-id=\"1078db8\" data-element_type=\"section\" data-e-type=\"section\">\n\t\t\t\t\t\t<div class=\"elementor-container elementor-column-gap-default\">\n\t\t\t\t\t<div class=\"elementor-column elementor-col-100 elementor-top-column elementor-element elementor-element-7bb12e2\" data-id=\"7bb12e2\" data-element_type=\"column\" data-e-type=\"column\">\n\t\t\t<div class=\"elementor-widget-wrap elementor-element-populated\">\n\t\t\t\t\t\t<div class=\"elementor-element elementor-element-8a525bc elementor-widget elementor-widget-heading\" data-id=\"8a525bc\" data-element_type=\"widget\" data-e-type=\"widget\" data-widget_type=\"heading.default\">\n\t\t\t\t<div class=\"elementor-widget-container\">\n\t\t\t\t\t<h2 class=\"elementor-heading-title elementor-size-default\"><i>\" Bioplumes s\u2019inscrit dans une d\u00e9marche de protection de l\u2019environnement et d\u2019alternative au retrait programm\u00e9 des produits phytosanitaires. \"<\/i><\/h2>\t\t\t\t<\/div>\n\t\t\t\t<\/div>\n\t\t\t\t\t<\/div>\n\t\t<\/div>\n\t\t\t\t\t<\/div>\n\t\t<\/section>\n\t\t\t\t<section class=\"elementor-section elementor-top-section elementor-element elementor-element-1fdfe27 elementor-section-boxed elementor-section-height-default elementor-section-height-default\" data-id=\"1fdfe27\" data-element_type=\"section\" data-e-type=\"section\">\n\t\t\t\t\t\t<div class=\"elementor-container elementor-column-gap-default\">\n\t\t\t\t\t<div class=\"elementor-column elementor-col-100 elementor-top-column elementor-element elementor-element-d4d8892\" data-id=\"d4d8892\" data-element_type=\"column\" data-e-type=\"column\">\n\t\t\t<div class=\"elementor-widget-wrap elementor-element-populated\">\n\t\t\t\t\t\t<div class=\"elementor-element elementor-element-1241bdb elementor-widget elementor-widget-spacer\" data-id=\"1241bdb\" data-element_type=\"widget\" data-e-type=\"widget\" data-widget_type=\"spacer.default\">\n\t\t\t\t<div class=\"elementor-widget-container\">\n\t\t\t\t\t\t\t<div class=\"elementor-spacer\">\n\t\t\t<div class=\"elementor-spacer-inner\"><\/div>\n\t\t<\/div>\n\t\t\t\t\t\t<\/div>\n\t\t\t\t<\/div>\n\t\t\t\t\t<\/div>\n\t\t<\/div>\n\t\t\t\t\t<\/div>\n\t\t<\/section>\n\t\t\t\t<section class=\"elementor-section elementor-top-section elementor-element elementor-element-452e430 elementor-section-boxed elementor-section-height-default elementor-section-height-default\" data-id=\"452e430\" data-element_type=\"section\" data-e-type=\"section\">\n\t\t\t\t\t\t<div class=\"elementor-container elementor-column-gap-default\">\n\t\t\t\t\t<div class=\"elementor-column elementor-col-100 elementor-top-column elementor-element elementor-element-44e87e2\" data-id=\"44e87e2\" data-element_type=\"column\" data-e-type=\"column\">\n\t\t\t<div class=\"elementor-widget-wrap elementor-element-populated\">\n\t\t\t\t\t\t<div class=\"elementor-element elementor-element-b7caf96 elementor-widget elementor-widget-video\" data-id=\"b7caf96\" data-element_type=\"widget\" data-e-type=\"widget\" data-settings=\"{&quot;video_type&quot;:&quot;vimeo&quot;,&quot;autoplay&quot;:&quot;yes&quot;}\" data-widget_type=\"video.default\">\n\t\t\t\t<div class=\"elementor-widget-container\">\n\t\t\t\t\t\t\t<div class=\"elementor-wrapper elementor-open-inline\">\n\t\t\t<iframe class=\"elementor-video-iframe\" allowfullscreen allow=\"autoplay\" title=\"Lecteur vid\u00e9o vimeo\" src=\"https:\/\/player.vimeo.com\/video\/101163543?autoplay=1&amp;color&amp;autopause=0&amp;loop=0&amp;muted=0&amp;title=1&amp;portrait=1&amp;byline=1#t=\"><\/iframe>\t\t<\/div>\n\t\t\t\t\t\t<\/div>\n\t\t\t\t<\/div>\n\t\t\t\t\t<\/div>\n\t\t<\/div>\n\t\t\t\t\t<\/div>\n\t\t<\/section>\n\t\t\t\t<\/div>\n\t\t","protected":false},"excerpt":{"rendered":"<p>Proc\u00e9d\u00e9 NOUVEAU et UNIQUE Ce produit est une innovation, il n\u2019est pas issu de la plume hydrolys\u00e9e.Bio PLUMES est issu d\u2019un proc\u00e9d\u00e9 m\u00e9canique et naturel, de fait sans odeur et sans danger.(produit seulement broy\u00e9 et st\u00e9rilis\u00e9). Il permet de garantir l\u2019absence de risque pour la sant\u00e9 publique et animale(absence de clostridium, salmonella et enterobacteria).Les services d\u2019Etat assurent des contr\u00f4les r\u00e9guliers. Id\u00e9al pour TOUTES vos plantes \u2022\u00a0Sans odeur\u00a0(plumes fra\u00eeches non hydrolys\u00e9es)\u2022 Manipulation sans danger\u2022 Engrais complet et\u00a0riche en azote organique\u00a0:\u00a0Azote 11 \u2013 Phosphore 3 \u2013 Potasse 2\u2022 Am\u00e9liore la capacit\u00e9 de r\u00e9tention d\u2019eau du sol\u2022 Action r\u00e9guli\u00e8re et prolong\u00e9e (limite le ph\u00e9nom\u00e8ne de br\u00fblure)\u2022\u00a0Convient \u00e0 toutes vos plantes\u00a0(l\u00e9gumes, fleurs, fruitiers\u2026)\u2022 Id\u00e9al pour les semis, plantations et entretiens D\u00e9marche locale : produit en France \u00a0\u00bb Bioplumes s\u2019inscrit dans une d\u00e9marche de protection de l\u2019environnement et d\u2019alternative au retrait programm\u00e9 des produits phytosanitaires. \u00ab\u00a0<\/p>\n","protected":false},"author":1,"featured_media":0,"parent":0,"menu_order":0,"comment_status":"closed","ping_status":"closed","template":"","meta":{"footnotes":""},"class_list":["post-68","page","type-page","status-publish"],"_links":{"self":[{"href":"https:\/\/www.bioplumes.fr\/index.php\/wp-json\/wp\/v2\/pages\/68","targetHints":{"allow":["GET"]}}],"collection":[{"href":"https:\/\/www.bioplumes.fr\/index.php\/wp-json\/wp\/v2\/pages"}],"about":[{"href":"https:\/\/www.bioplumes.fr\/index.php\/wp-json\/wp\/v2\/types\/page"}],"author":[{"embeddable":true,"href":"https:\/\/www.bioplumes.fr\/index.php\/wp-json\/wp\/v2\/users\/1"}],"replies":[{"embeddable":true,"href":"https:\/\/www.bioplumes.fr\/index.php\/wp-json\/wp\/v2\/comments?post=68"}],"version-history":[{"count":4,"href":"https:\/\/www.bioplumes.fr\/index.php\/wp-json\/wp\/v2\/pages\/68\/revisions"}],"predecessor-version":[{"id":75,"href":"https:\/\/www.bioplumes.fr\/index.php\/wp-json\/wp\/v2\/pages\/68\/revisions\/75"}],"wp:attachment":[{"href":"https:\/\/www.bioplumes.fr\/index.php\/wp-json\/wp\/v2\/media?parent=68"}],"curies":[{"name":"wp","href":"https:\/\/api.w.org\/{rel}","templated":true}]}}